{"id":20172,"date":"2014-03-10T09:19:10","date_gmt":"2014-03-10T08:19:10","guid":{"rendered":"https:\/\/www.stiavelli.com\/electric-motors-industrial-fan-revamping-2\/"},"modified":"2020-09-10T11:22:03","modified_gmt":"2020-09-10T09:22:03","slug":"electric-motors-industrial-fan-revamping","status":"publish","type":"page","link":"https:\/\/www.stiavelli.com\/it\/electric-motors-industrial-fan-revamping\/","title":{"rendered":"Revamping"},"content":{"rendered":"<div id='layer_slider_1'  class='avia-layerslider main_color avia-shadow  avia-builder-el-0  el_before_av_heading  avia-builder-el-first  container_wrap fullsize'  style='height: 581px;'  ><\/div><div id='after_layer_slider_1'  class='main_color av_default_container_wrap container_wrap fullsize'  ><div class='container av-section-cont-open' ><div class='template-page content  av-content-full alpha units'><div class='post-entry post-entry-type-page post-entry-20172'><div class='entry-content-wrapper clearfix'>\n\n<style type=\"text\/css\" data-created_by=\"avia_inline_auto\" id=\"style-css-av-av_heading-e455fe4e1da6fd48b4b96acbefbe03dd\">\n#top .av-special-heading.av-av_heading-e455fe4e1da6fd48b4b96acbefbe03dd{\npadding-bottom:20px;\n}\n<\/style>\n<div  class='av-special-heading av-av_heading-e455fe4e1da6fd48b4b96acbefbe03dd av-special-heading-h2 meta-heading blockquote modern-quote  avia-builder-el-1  el_after_av_layerslider  el_before_av_one_full  avia-builder-el-first  '><h2 class='av-special-heading-tag '  itemprop=\"headline\"  >Revamping<\/h2><div class='special-heading-border'><div class='special-heading-inner-border'><\/div><\/div><\/div>\n<div class='flex_column av-av_one_full-2a9015ff38129c418a3f2eafba3e9512 av_one_full  avia-builder-el-2  el_after_av_heading  el_before_av_section  avia-builder-el-last  first flex_column_div '   ><section class=\"av_textblock_section \"  itemscope=\"itemscope\" itemtype=\"https:\/\/schema.org\/CreativeWork\" ><div class='avia_textblock  '   itemprop=\"text\" ><p>Molti impianti necessitano di revamping per ottimizzare le prestazioni e modernizzare le capacit\u00e0 produttive.<\/p>\n<p><span style=\"line-height: 1.5em;\">Il revamping degli impianti produttivi \u00e8 un tema attuale. Ora pi\u00f9 che mai \u00e8 necessario adattare <strong>i vecchi impianti a nuovi livelli produttivi<\/strong>, tenendo in considerazione efficienza energetica e competitivit\u00e0.<br \/>\n<\/span><\/p>\n<p>Si tratta di prolungare la vita dell&#8217;impianto, generando innovazione, modernit\u00e0 e ottimizzazione con impulso competitivo in termini di <strong>consumo ed efficienza.<\/strong><\/p>\n<p>Si pu\u00f2 intervenire in diversi modi: installazione di una <strong>nuova girante<\/strong>, costruita grazie alle <strong>pi\u00f9 nuove tecnologie aerauliche,<\/strong> o sostituzione dell&#8217;intero ventilatore con un modello <strong>pi\u00f9 efficiente.<\/strong><\/p>\n<p>E&#8217; inoltre possibile cambiare i motori elettrici, <strong>con modelli a pi\u00f9 alto\u00a0livello di efficienza<\/strong>. L&#8217;installazione di Inverter variatori di velocit\u00e0 e soft start specifici possono migliorare la Vostra applicazione.<\/p>\n<p>Saremo lieti di supportarVi nel <strong>revamping<\/strong>, cos\u00ec da poter valorizzare la Vostra applicazione, rendendola pi\u00f9 efficiente, economica e produttiva.<\/p>\n<\/div><\/section><\/div><\/div><\/div><\/div><!-- close content main div --><\/div><\/div>\n<style type=\"text\/css\" data-created_by=\"avia_inline_auto\" id=\"style-css-av-av_section-7aa7fcc21c2f2c54641d71062140d83b\">\n.avia-section.av-av_section-7aa7fcc21c2f2c54641d71062140d83b{\nbackground-color:#f4f4f4;\n}\n<\/style>\n<div id='av_section_1'  class='avia-section av-av_section-7aa7fcc21c2f2c54641d71062140d83b main_color avia-section-default avia-no-shadow  avia-builder-el-4  el_after_av_one_full  avia-builder-el-last  avia-bg-style-scroll  container_wrap fullsize'  ><div class='container av-section-cont-open' ><div class='template-page content  av-content-full alpha units'><div class='post-entry post-entry-type-page post-entry-20172'><div class='entry-content-wrapper clearfix'>\n<div class='flex_column av-av_one_third-2a9015ff38129c418a3f2eafba3e9512 av_one_third  avia-builder-el-5  el_before_av_one_third  avia-builder-el-first  first flex_column_div '   ><section class=\"av_textblock_section \"  itemscope=\"itemscope\" itemtype=\"https:\/\/schema.org\/CreativeWork\" ><div class='avia_textblock  '   itemprop=\"text\" ><h3>Revamping di Impianto<\/h3>\n<p>Molti studi di Ingegneria richiedono i nostri prodotti per i propri clienti. I\u00a0consulenti cercano le pi\u00f9 nuove tecnologie e capacit\u00e0 per fare esattamente quello di cui hanno bisogno.<br \/>\nIl revamping, rinnovamento dell&#8217;impianto industriale, \u00e8 un&#8217;occasione\u00a0per rendere l&#8217;impianto ottimale\u00a0o <strong>attualizzarne le prestazioni raggiungendo\u00a0pi\u00f9 elevati standard produttivi<\/strong>. A volte \u00e8 una sorta di perfezionamento, un&#8217;opportunit\u00e0 di trovare soluzioni per situazioni non previste\u00a0ai tempi della progettazione.<\/p>\n<\/div><\/section><\/div>\n<style type=\"text\/css\" data-created_by=\"avia_inline_auto\" id=\"style-css-av-av_one_third-2a64de42b738552fe666ca889af77e28\">\n.flex_column.av-av_one_third-2a64de42b738552fe666ca889af77e28{\nborder-radius:0px 0px 0px 0px;\n-webkit-border-radius:0px 0px 0px 0px;\n-moz-border-radius:0px 0px 0px 0px;\n}\n<\/style>\n<div class='flex_column av-av_one_third-2a64de42b738552fe666ca889af77e28 av_one_third  avia-builder-el-7  el_after_av_one_third  el_before_av_one_third  flex_column_div av-zero-column-padding '   ><section class=\"av_textblock_section \"  itemscope=\"itemscope\" itemtype=\"https:\/\/schema.org\/CreativeWork\" ><div class='avia_textblock  '   itemprop=\"text\" ><h3>Ventilatori Industriali<\/h3>\n<p>Le nuove tecnologie consentono un miglioramento dei nuovi macchinari. Il regolamento in materia di progettazione ecocompatibile prevede\u00a0paramentri di alta efficienza per i ventilatori. <strong>La limitazione dei consumi energetici \u00e8 un argomento interessante<\/strong> e il revamping pu\u00f2 essere il momento giusto per investire in ventilatori ad efficienza elevata su un impianto gi\u00e0 esistente. Si tratta di riprogettare parti dell&#8217;impianto prevedendo differenti modalit\u00e0 di lavoro o effettuare direttamente la sostituzione del ventilatore.<\/p>\n<\/div><\/section><\/div>\n<style type=\"text\/css\" data-created_by=\"avia_inline_auto\" id=\"style-css-av-av_one_third-2a64de42b738552fe666ca889af77e28\">\n.flex_column.av-av_one_third-2a64de42b738552fe666ca889af77e28{\nborder-radius:0px 0px 0px 0px;\n-webkit-border-radius:0px 0px 0px 0px;\n-moz-border-radius:0px 0px 0px 0px;\n}\n<\/style>\n<div class='flex_column av-av_one_third-2a64de42b738552fe666ca889af77e28 av_one_third  avia-builder-el-9  el_after_av_one_third  avia-builder-el-last  flex_column_div av-zero-column-padding '   ><section class=\"av_textblock_section \"  itemscope=\"itemscope\" itemtype=\"https:\/\/schema.org\/CreativeWork\" ><div class='avia_textblock  '   itemprop=\"text\" ><h3>Motori Elettrici<\/h3>\n<p>I motori elettrici obsoleti, vecchi o danneggiati possono avere livelli di efficienza molto bassi e compromettere le prestazioni\u00a0dell&#8217;impianto. Il nostro ufficio tecnico pu\u00f2 preparare una <strong>analisi\u00a0per determinare il costo totale di gestione (CTG)<\/strong> dei motori elettrici utilizzati. L&#8217;applicazione &#8220;Payback Tool&#8221; di WEG \u00e8 utile per il calcolo del consumo elettrico, dei costi di esercizio e per la riduzione delle emissioni di Co2. In molti paesi sono inoltre disponibili speciali incentivi\u00a0per l&#8217;acquisto di soluzioni ad alta efficienza.<\/p>\n<\/div><\/section><\/div>\n<\/p>\n","protected":false},"excerpt":{"rendered":"","protected":false},"author":2,"featured_media":0,"parent":0,"menu_order":0,"comment_status":"open","ping_status":"open","template":"","meta":[],"yoast_head":"<!-- This site is optimized with the Yoast SEO plugin v17.2 - https:\/\/yoast.com\/wordpress\/plugins\/seo\/ -->\n<title>Revamping Rinnovamento Impianti - Ventilatori, Motori Elettrici<\/title>\n<meta name=\"robots\" content=\"index, follow, max-snippet:-1, max-image-preview:large, max-video-preview:-1\" \/>\n<link rel=\"canonical\" href=\"https:\/\/www.stiavelli.com\/it\/electric-motors-industrial-fan-revamping\/\" \/>\n<meta property=\"og:locale\" content=\"it_IT\" \/>\n<meta property=\"og:type\" content=\"article\" \/>\n<meta property=\"og:title\" content=\"Revamping Rinnovamento Impianti - Ventilatori, Motori Elettrici\" \/>\n<meta property=\"og:url\" content=\"https:\/\/www.stiavelli.com\/it\/electric-motors-industrial-fan-revamping\/\" \/>\n<meta property=\"og:site_name\" content=\"Stiavelli Irio srl\" \/>\n<meta property=\"article:publisher\" content=\"https:\/\/www.facebook.com\/stiavelli.irio\" \/>\n<meta property=\"article:modified_time\" content=\"2020-09-10T09:22:03+00:00\" \/>\n<meta property=\"og:image\" content=\"https:\/\/www.stiavelli.com\/wp-content\/uploads\/2013\/04\/Logo-Stiavelli-Irio-2014-definitivo.png\" \/>\n\t<meta property=\"og:image:width\" content=\"340\" \/>\n\t<meta property=\"og:image:height\" content=\"156\" \/>\n<meta name=\"twitter:label1\" content=\"Tempo di lettura stimato\" \/>\n\t<meta name=\"twitter:data1\" content=\"3 minuti\" \/>\n<script type=\"application\/ld+json\" class=\"yoast-schema-graph\">{\"@context\":\"https:\/\/schema.org\",\"@graph\":[{\"@type\":\"Organization\",\"@id\":\"https:\/\/www.stiavelli.com\/it\/#organization\",\"name\":\"Stiavelli Irio s.r.l.\",\"url\":\"https:\/\/www.stiavelli.com\/it\/\",\"sameAs\":[\"https:\/\/www.facebook.com\/stiavelli.irio\",\"https:\/\/it.linkedin.com\/company\/stiavelli-irio-srl\",\"https:\/\/www.youtube.com\/channel\/UCL9tzh_MDwfHLLGjhY-KTZw\"],\"logo\":{\"@type\":\"ImageObject\",\"@id\":\"https:\/\/www.stiavelli.com\/it\/#logo\",\"inLanguage\":\"it-IT\",\"url\":\"https:\/\/www.stiavelli.com\/wp-content\/uploads\/2013\/04\/Logo-Stiavelli-Irio-2014-definitivo.png\",\"contentUrl\":\"https:\/\/www.stiavelli.com\/wp-content\/uploads\/2013\/04\/Logo-Stiavelli-Irio-2014-definitivo.png\",\"width\":340,\"height\":156,\"caption\":\"Stiavelli Irio s.r.l.\"},\"image\":{\"@id\":\"https:\/\/www.stiavelli.com\/it\/#logo\"}},{\"@type\":\"WebSite\",\"@id\":\"https:\/\/www.stiavelli.com\/it\/#website\",\"url\":\"https:\/\/www.stiavelli.com\/it\/\",\"name\":\"Stiavelli Irio srl\",\"description\":\"Industrial Fans and Electric Motors\",\"publisher\":{\"@id\":\"https:\/\/www.stiavelli.com\/it\/#organization\"},\"potentialAction\":[{\"@type\":\"SearchAction\",\"target\":{\"@type\":\"EntryPoint\",\"urlTemplate\":\"https:\/\/www.stiavelli.com\/it\/?s={search_term_string}\"},\"query-input\":\"required name=search_term_string\"}],\"inLanguage\":\"it-IT\"},{\"@type\":\"WebPage\",\"@id\":\"https:\/\/www.stiavelli.com\/it\/electric-motors-industrial-fan-revamping\/#webpage\",\"url\":\"https:\/\/www.stiavelli.com\/it\/electric-motors-industrial-fan-revamping\/\",\"name\":\"Revamping Rinnovamento Impianti - Ventilatori, Motori Elettrici\",\"isPartOf\":{\"@id\":\"https:\/\/www.stiavelli.com\/it\/#website\"},\"datePublished\":\"2014-03-10T08:19:10+00:00\",\"dateModified\":\"2020-09-10T09:22:03+00:00\",\"breadcrumb\":{\"@id\":\"https:\/\/www.stiavelli.com\/it\/electric-motors-industrial-fan-revamping\/#breadcrumb\"},\"inLanguage\":\"it-IT\",\"potentialAction\":[{\"@type\":\"ReadAction\",\"target\":[\"https:\/\/www.stiavelli.com\/it\/electric-motors-industrial-fan-revamping\/\"]}]},{\"@type\":\"BreadcrumbList\",\"@id\":\"https:\/\/www.stiavelli.com\/it\/electric-motors-industrial-fan-revamping\/#breadcrumb\",\"itemListElement\":[{\"@type\":\"ListItem\",\"position\":1,\"name\":\"Home\",\"item\":\"https:\/\/www.stiavelli.com\/it\/\"},{\"@type\":\"ListItem\",\"position\":2,\"name\":\"Revamping\"}]}]}<\/script>\n<!-- \/ Yoast SEO plugin. -->","yoast_head_json":{"title":"Revamping Rinnovamento Impianti - Ventilatori, Motori Elettrici","robots":{"index":"index","follow":"follow","max-snippet":"max-snippet:-1","max-image-preview":"max-image-preview:large","max-video-preview":"max-video-preview:-1"},"canonical":"https:\/\/www.stiavelli.com\/it\/electric-motors-industrial-fan-revamping\/","og_locale":"it_IT","og_type":"article","og_title":"Revamping Rinnovamento Impianti - Ventilatori, Motori Elettrici","og_url":"https:\/\/www.stiavelli.com\/it\/electric-motors-industrial-fan-revamping\/","og_site_name":"Stiavelli Irio srl","article_publisher":"https:\/\/www.facebook.com\/stiavelli.irio","article_modified_time":"2020-09-10T09:22:03+00:00","og_image":[{"width":340,"height":156,"url":"https:\/\/www.stiavelli.com\/wp-content\/uploads\/2013\/04\/Logo-Stiavelli-Irio-2014-definitivo.png","path":"\/home3\/mstiavei\/public_html\/wp-content\/uploads\/2013\/04\/Logo-Stiavelli-Irio-2014-definitivo.png","size":"full","id":6087,"alt":"Stiavelli Irio Logo","pixels":53040,"type":"image\/png"}],"twitter_misc":{"Tempo di lettura stimato":"3 minuti"},"schema":{"@context":"https:\/\/schema.org","@graph":[{"@type":"Organization","@id":"https:\/\/www.stiavelli.com\/it\/#organization","name":"Stiavelli Irio s.r.l.","url":"https:\/\/www.stiavelli.com\/it\/","sameAs":["https:\/\/www.facebook.com\/stiavelli.irio","https:\/\/it.linkedin.com\/company\/stiavelli-irio-srl","https:\/\/www.youtube.com\/channel\/UCL9tzh_MDwfHLLGjhY-KTZw"],"logo":{"@type":"ImageObject","@id":"https:\/\/www.stiavelli.com\/it\/#logo","inLanguage":"it-IT","url":"https:\/\/www.stiavelli.com\/wp-content\/uploads\/2013\/04\/Logo-Stiavelli-Irio-2014-definitivo.png","contentUrl":"https:\/\/www.stiavelli.com\/wp-content\/uploads\/2013\/04\/Logo-Stiavelli-Irio-2014-definitivo.png","width":340,"height":156,"caption":"Stiavelli Irio s.r.l."},"image":{"@id":"https:\/\/www.stiavelli.com\/it\/#logo"}},{"@type":"WebSite","@id":"https:\/\/www.stiavelli.com\/it\/#website","url":"https:\/\/www.stiavelli.com\/it\/","name":"Stiavelli Irio srl","description":"Industrial Fans and Electric Motors","publisher":{"@id":"https:\/\/www.stiavelli.com\/it\/#organization"},"potentialAction":[{"@type":"SearchAction","target":{"@type":"EntryPoint","urlTemplate":"https:\/\/www.stiavelli.com\/it\/?s={search_term_string}"},"query-input":"required name=search_term_string"}],"inLanguage":"it-IT"},{"@type":"WebPage","@id":"https:\/\/www.stiavelli.com\/it\/electric-motors-industrial-fan-revamping\/#webpage","url":"https:\/\/www.stiavelli.com\/it\/electric-motors-industrial-fan-revamping\/","name":"Revamping Rinnovamento Impianti - Ventilatori, Motori Elettrici","isPartOf":{"@id":"https:\/\/www.stiavelli.com\/it\/#website"},"datePublished":"2014-03-10T08:19:10+00:00","dateModified":"2020-09-10T09:22:03+00:00","breadcrumb":{"@id":"https:\/\/www.stiavelli.com\/it\/electric-motors-industrial-fan-revamping\/#breadcrumb"},"inLanguage":"it-IT","potentialAction":[{"@type":"ReadAction","target":["https:\/\/www.stiavelli.com\/it\/electric-motors-industrial-fan-revamping\/"]}]},{"@type":"BreadcrumbList","@id":"https:\/\/www.stiavelli.com\/it\/electric-motors-industrial-fan-revamping\/#breadcrumb","itemListElement":[{"@type":"ListItem","position":1,"name":"Home","item":"https:\/\/www.stiavelli.com\/it\/"},{"@type":"ListItem","position":2,"name":"Revamping"}]}]}},"_links":{"self":[{"href":"https:\/\/www.stiavelli.com\/it\/wp-json\/wp\/v2\/pages\/20172"}],"collection":[{"href":"https:\/\/www.stiavelli.com\/it\/wp-json\/wp\/v2\/pages"}],"about":[{"href":"https:\/\/www.stiavelli.com\/it\/wp-json\/wp\/v2\/types\/page"}],"author":[{"embeddable":true,"href":"https:\/\/www.stiavelli.com\/it\/wp-json\/wp\/v2\/users\/2"}],"replies":[{"embeddable":true,"href":"https:\/\/www.stiavelli.com\/it\/wp-json\/wp\/v2\/comments?post=20172"}],"version-history":[{"count":1,"href":"https:\/\/www.stiavelli.com\/it\/wp-json\/wp\/v2\/pages\/20172\/revisions"}],"predecessor-version":[{"id":35826,"href":"https:\/\/www.stiavelli.com\/it\/wp-json\/wp\/v2\/pages\/20172\/revisions\/35826"}],"wp:attachment":[{"href":"https:\/\/www.stiavelli.com\/it\/wp-json\/wp\/v2\/media?parent=20172"}],"curies":[{"name":"wp","href":"https:\/\/api.w.org\/{rel}","templated":true}]}}