{"id":34094,"date":"2018-10-31T08:39:49","date_gmt":"2018-10-31T07:39:49","guid":{"rendered":"https:\/\/www.stiavelli.com\/information-about-personal-data-work-with-us-2\/"},"modified":"2018-10-31T08:42:58","modified_gmt":"2018-10-31T07:42:58","slug":"informativa-sul-trattamento-dei-dati-personali-lavora-con-noi","status":"publish","type":"page","link":"https:\/\/www.stiavelli.com\/it\/informativa-sul-trattamento-dei-dati-personali-lavora-con-noi\/","title":{"rendered":"Informativa sul trattamento dei dati personali &#8220;lavora con noi&#8221;"},"content":{"rendered":"<section class=\"av_textblock_section \"  itemscope=\"itemscope\" itemtype=\"https:\/\/schema.org\/CreativeWork\" ><div class='avia_textblock  '   itemprop=\"text\" ><p>Stiavelli Irio s.r.l., al fine di selezionare figure professionali da inserire nel proprio organico, offre la possibilit\u00e0 di inoltrare tramite il sito la propria candidatura spontanea.<br \/>\nA tal fine, si richiede al candidato di fornire ogni dato utile a verificare l\u2019idoneit\u00e0 a ricoprire posizioni lavorative all\u2019interno della nostra realt\u00e0.<br \/>\nA tale riguardo, nel pieno rispetto delle norme sulla protezione dei dati personali (in particolare, Regolamento UE 679\/2016, in seguito GDPR), La invitiamo a leggere la seguente informativa, che \u00e8 stata pensata e scritta con linguaggio semplice e conciso per poterLa aiutare a comprendere chiaramente come trattiamo i Suoi dati personali:<\/p>\n<ol>\n<li><strong>Titolare del Trattamento<\/strong> dei dati personali \u00e8 Stivelli Irio s.r.l. (in seguito, Titolare), con sede legale in Prato (PO), via per il Poggio Secco, 46\/E \u2013 Sede operativa: via Pantano, Capalle (FI)\u2013 P.IVA e C.F. 01993990975 &#8211; Tel. 055898448 &#8211; Fax 055898477 \u2013 email: info@stiavelli.com.<\/li>\n<li><strong>Modalit\u00e0 di trattamento dei dati<\/strong><br \/>\nI dati personali da Lei forniti verranno trattati dal Titolare su supporto cartaceo, informatico o telematico.<br \/>\nDei dati ricevuti il Titolare curer\u00e0: l\u2019esatta registrazione, in modo che essi corrispondano a quanto da Lei dichiarato; 2. l\u2019aggiornamento ad ogni Sua comunicazione di variazione; 3. la conservazione in una forma che consenta la Sua identificazione per un periodo di tempo non superiore a quello necessario alle finalit\u00e0 per cui essi sono stati raccolti.<\/li>\n<li><strong>Finalit\u00e0 del trattamento<\/strong><br \/>\nI dati che Lei ci fornir\u00e0 tramite l\u2019inoltro del curriculum vitae vengono raccolti allo scopo di verificare se la figura professionale del candidato sia in linea con le esigenze della societ\u00e0 e, pertanto, per selezionare personale da inserire nel nostro organico.<br \/>\nIl Titolare si riserva di rimuovere dal proprio archivio i dati ricevuti, ove questi, ad un controllo effettuato, risultino inesatti, incompleti o non aggiornati.<br \/>\nIl conferimento dei dati richiesti dal Titolare \u00e8 facoltativo. Tuttavia, il mancato conferimento non Le consentir\u00e0 di inoltrare la Sua candidatura spontanea.<br \/>\nLa base giuridica del trattamento risiede nella necessit\u00e0 del trattamento dei Suoi dati finalizzato all\u2019instaurazione di un rapporto contrattuale lavorativo.<\/li>\n<li><strong>Categorie particolari di dati personali ex art. 9 GDPR<\/strong><br \/>\nStante la possibilit\u00e0 che le informazioni fornite al Titolare pertinenti per le finalit\u00e0 specificate, contengano dati di natura particolare (cio\u00e8 dati che rivelino natura razziale ed etnica, convinzioni religiose, filosofiche o di altro genere, opinioni politiche, adesione a partiti, sindacati, associazioni di carattere religioso, filosofico, politico o sindacale, nonch\u00e9 dati idonei a rivelare lo stato di salute e la vita sessuale) tali dati potranno essere trattati dal Titolare solo con il Suo esplicito consenso. Si prega, ove non necessario, di non indicare dati particolari (tra cui quelli relativi a salute, convinzioni religiose e opinioni politiche). Eventuali dati particolari indicati, in caso di mancata instaurazione del rapporto lavorativo, saranno immediatamente cancellati in mancanza di una dichiarazione scritta di consenso dell\u2019interessato al loro trattamento da parte della nostra societ\u00e0.<\/li>\n<li><strong>Ambito di circolazione dei dati<\/strong><br \/>\nI Suoi dati verranno trattati dalle persone autorizzate dal Titolare.<br \/>\nPer il perseguimento delle finalit\u00e0 descritte, i Suoi dati possono essere utilizzati da personale del Titolare cui \u00e8 stato assegnato uno specifico ruolo di responsabile o persona autorizzata del trattamento e a cui sono state impartite adeguate istruzioni e si siano impegnati alla riservatezza. I Suoi dati personali saranno resi accessibili solo a coloro i quali, all&#8217;interno dell\u2019azienda, ne abbiano necessit\u00e0 a causa della propria mansione o posizione gerarchica. Tali soggetti, saranno opportunamente istruiti al fine di evitare perdite, distruzione, accessi non autorizzati o trattamenti non consentiti dei dati stessi.<\/li>\n<li><strong>Diffusione dei dati<\/strong><br \/>\nI Suoi dati personali non saranno mai pubblicati, esposti o messi a disposizione\/consultazione di soggetti indeterminati, n\u00e9 soggetti a diffusione.<\/li>\n<li><strong>Conservazione dei dati<\/strong><br \/>\nI dati personali che ci avr\u00e0 fornito saranno conservati per il periodo necessario ad effettuare le valutazioni in merito alle esigenze di assunzione di personale e comunque per non oltre sei mesi dalla data di ricezione.<\/li>\n<li><strong>Trasferimento dati extra-EU<\/strong><br \/>\nI Suoi dati personali non verranno trasferiti in Paesi extra-UE.<\/li>\n<li><strong>Diritti dell\u2019interessato<\/strong><br \/>\nIn relazione al trattamento dei Suoi dati personali, ha diritto di chiedere al Titolare: \u2022 L\u2019accesso; \u2022 rettifica; \u2022 cancellazione; \u2022 limitazione; \u2022 opposizione; \u2022 portabilit\u00e0. Inoltre, La informiamo che ha diritto di proporre reclamo nei confronti dell\u2019Autorit\u00e0 di Controllo, che in Italia \u00e8 il Garante per la Protezione dei Dati Personali.<br \/>\nIn qualsiasi momento, l\u2019interessato potr\u00e0 chiedere di esercitare i precedenti diritti rivolgendosi all&#8217;indirizzo mail: info@stiavelli.com.<\/li>\n<\/ol>\n<\/div><\/section>\n","protected":false},"excerpt":{"rendered":"","protected":false},"author":2,"featured_media":0,"parent":0,"menu_order":0,"comment_status":"closed","ping_status":"closed","template":"","meta":[],"yoast_head":"<!-- This site is optimized with the Yoast SEO plugin v17.2 - https:\/\/yoast.com\/wordpress\/plugins\/seo\/ -->\n<title>Informativa sul trattamento dei dati personali &quot;lavora con noi&quot; - Stiavelli Irio srl<\/title>\n<meta name=\"robots\" content=\"index, follow, max-snippet:-1, max-image-preview:large, max-video-preview:-1\" \/>\n<link rel=\"canonical\" href=\"https:\/\/www.stiavelli.com\/it\/informativa-sul-trattamento-dei-dati-personali-lavora-con-noi\/\" \/>\n<meta property=\"og:locale\" content=\"it_IT\" \/>\n<meta property=\"og:type\" content=\"article\" \/>\n<meta property=\"og:title\" content=\"Informativa sul trattamento dei dati personali &quot;lavora con noi&quot; - Stiavelli Irio srl\" \/>\n<meta property=\"og:url\" content=\"https:\/\/www.stiavelli.com\/it\/informativa-sul-trattamento-dei-dati-personali-lavora-con-noi\/\" \/>\n<meta property=\"og:site_name\" content=\"Stiavelli Irio srl\" \/>\n<meta property=\"article:publisher\" content=\"https:\/\/www.facebook.com\/stiavelli.irio\" \/>\n<meta property=\"article:modified_time\" content=\"2018-10-31T07:42:58+00:00\" \/>\n<meta property=\"og:image\" content=\"https:\/\/www.stiavelli.com\/wp-content\/uploads\/2013\/04\/Logo-Stiavelli-Irio-2014-definitivo.png\" \/>\n\t<meta property=\"og:image:width\" content=\"340\" \/>\n\t<meta property=\"og:image:height\" content=\"156\" \/>\n<meta name=\"twitter:label1\" content=\"Tempo di lettura stimato\" \/>\n\t<meta name=\"twitter:data1\" content=\"4 minuti\" \/>\n<script type=\"application\/ld+json\" class=\"yoast-schema-graph\">{\"@context\":\"https:\/\/schema.org\",\"@graph\":[{\"@type\":\"Organization\",\"@id\":\"https:\/\/www.stiavelli.com\/it\/#organization\",\"name\":\"Stiavelli Irio s.r.l.\",\"url\":\"https:\/\/www.stiavelli.com\/it\/\",\"sameAs\":[\"https:\/\/www.facebook.com\/stiavelli.irio\",\"https:\/\/it.linkedin.com\/company\/stiavelli-irio-srl\",\"https:\/\/www.youtube.com\/channel\/UCL9tzh_MDwfHLLGjhY-KTZw\"],\"logo\":{\"@type\":\"ImageObject\",\"@id\":\"https:\/\/www.stiavelli.com\/it\/#logo\",\"inLanguage\":\"it-IT\",\"url\":\"https:\/\/www.stiavelli.com\/wp-content\/uploads\/2013\/04\/Logo-Stiavelli-Irio-2014-definitivo.png\",\"contentUrl\":\"https:\/\/www.stiavelli.com\/wp-content\/uploads\/2013\/04\/Logo-Stiavelli-Irio-2014-definitivo.png\",\"width\":340,\"height\":156,\"caption\":\"Stiavelli Irio s.r.l.\"},\"image\":{\"@id\":\"https:\/\/www.stiavelli.com\/it\/#logo\"}},{\"@type\":\"WebSite\",\"@id\":\"https:\/\/www.stiavelli.com\/it\/#website\",\"url\":\"https:\/\/www.stiavelli.com\/it\/\",\"name\":\"Stiavelli Irio srl\",\"description\":\"Industrial Fans and Electric Motors\",\"publisher\":{\"@id\":\"https:\/\/www.stiavelli.com\/it\/#organization\"},\"potentialAction\":[{\"@type\":\"SearchAction\",\"target\":{\"@type\":\"EntryPoint\",\"urlTemplate\":\"https:\/\/www.stiavelli.com\/it\/?s={search_term_string}\"},\"query-input\":\"required name=search_term_string\"}],\"inLanguage\":\"it-IT\"},{\"@type\":\"WebPage\",\"@id\":\"https:\/\/www.stiavelli.com\/it\/informativa-sul-trattamento-dei-dati-personali-lavora-con-noi\/#webpage\",\"url\":\"https:\/\/www.stiavelli.com\/it\/informativa-sul-trattamento-dei-dati-personali-lavora-con-noi\/\",\"name\":\"Informativa sul trattamento dei dati personali \\\"lavora con noi\\\" - Stiavelli Irio srl\",\"isPartOf\":{\"@id\":\"https:\/\/www.stiavelli.com\/it\/#website\"},\"datePublished\":\"2018-10-31T07:39:49+00:00\",\"dateModified\":\"2018-10-31T07:42:58+00:00\",\"breadcrumb\":{\"@id\":\"https:\/\/www.stiavelli.com\/it\/informativa-sul-trattamento-dei-dati-personali-lavora-con-noi\/#breadcrumb\"},\"inLanguage\":\"it-IT\",\"potentialAction\":[{\"@type\":\"ReadAction\",\"target\":[\"https:\/\/www.stiavelli.com\/it\/informativa-sul-trattamento-dei-dati-personali-lavora-con-noi\/\"]}]},{\"@type\":\"BreadcrumbList\",\"@id\":\"https:\/\/www.stiavelli.com\/it\/informativa-sul-trattamento-dei-dati-personali-lavora-con-noi\/#breadcrumb\",\"itemListElement\":[{\"@type\":\"ListItem\",\"position\":1,\"name\":\"Home\",\"item\":\"https:\/\/www.stiavelli.com\/it\/\"},{\"@type\":\"ListItem\",\"position\":2,\"name\":\"Informativa sul trattamento dei dati personali &#8220;lavora con noi&#8221;\"}]}]}<\/script>\n<!-- \/ Yoast SEO plugin. -->","yoast_head_json":{"title":"Informativa sul trattamento dei dati personali \"lavora con noi\" - Stiavelli Irio srl","robots":{"index":"index","follow":"follow","max-snippet":"max-snippet:-1","max-image-preview":"max-image-preview:large","max-video-preview":"max-video-preview:-1"},"canonical":"https:\/\/www.stiavelli.com\/it\/informativa-sul-trattamento-dei-dati-personali-lavora-con-noi\/","og_locale":"it_IT","og_type":"article","og_title":"Informativa sul trattamento dei dati personali \"lavora con noi\" - Stiavelli Irio srl","og_url":"https:\/\/www.stiavelli.com\/it\/informativa-sul-trattamento-dei-dati-personali-lavora-con-noi\/","og_site_name":"Stiavelli Irio srl","article_publisher":"https:\/\/www.facebook.com\/stiavelli.irio","article_modified_time":"2018-10-31T07:42:58+00:00","og_image":[{"width":340,"height":156,"url":"https:\/\/www.stiavelli.com\/wp-content\/uploads\/2013\/04\/Logo-Stiavelli-Irio-2014-definitivo.png","path":"\/home3\/mstiavei\/public_html\/wp-content\/uploads\/2013\/04\/Logo-Stiavelli-Irio-2014-definitivo.png","size":"full","id":6087,"alt":"Stiavelli Irio Logo","pixels":53040,"type":"image\/png"}],"twitter_misc":{"Tempo di lettura stimato":"4 minuti"},"schema":{"@context":"https:\/\/schema.org","@graph":[{"@type":"Organization","@id":"https:\/\/www.stiavelli.com\/it\/#organization","name":"Stiavelli Irio s.r.l.","url":"https:\/\/www.stiavelli.com\/it\/","sameAs":["https:\/\/www.facebook.com\/stiavelli.irio","https:\/\/it.linkedin.com\/company\/stiavelli-irio-srl","https:\/\/www.youtube.com\/channel\/UCL9tzh_MDwfHLLGjhY-KTZw"],"logo":{"@type":"ImageObject","@id":"https:\/\/www.stiavelli.com\/it\/#logo","inLanguage":"it-IT","url":"https:\/\/www.stiavelli.com\/wp-content\/uploads\/2013\/04\/Logo-Stiavelli-Irio-2014-definitivo.png","contentUrl":"https:\/\/www.stiavelli.com\/wp-content\/uploads\/2013\/04\/Logo-Stiavelli-Irio-2014-definitivo.png","width":340,"height":156,"caption":"Stiavelli Irio s.r.l."},"image":{"@id":"https:\/\/www.stiavelli.com\/it\/#logo"}},{"@type":"WebSite","@id":"https:\/\/www.stiavelli.com\/it\/#website","url":"https:\/\/www.stiavelli.com\/it\/","name":"Stiavelli Irio srl","description":"Industrial Fans and Electric Motors","publisher":{"@id":"https:\/\/www.stiavelli.com\/it\/#organization"},"potentialAction":[{"@type":"SearchAction","target":{"@type":"EntryPoint","urlTemplate":"https:\/\/www.stiavelli.com\/it\/?s={search_term_string}"},"query-input":"required name=search_term_string"}],"inLanguage":"it-IT"},{"@type":"WebPage","@id":"https:\/\/www.stiavelli.com\/it\/informativa-sul-trattamento-dei-dati-personali-lavora-con-noi\/#webpage","url":"https:\/\/www.stiavelli.com\/it\/informativa-sul-trattamento-dei-dati-personali-lavora-con-noi\/","name":"Informativa sul trattamento dei dati personali \"lavora con noi\" - Stiavelli Irio srl","isPartOf":{"@id":"https:\/\/www.stiavelli.com\/it\/#website"},"datePublished":"2018-10-31T07:39:49+00:00","dateModified":"2018-10-31T07:42:58+00:00","breadcrumb":{"@id":"https:\/\/www.stiavelli.com\/it\/informativa-sul-trattamento-dei-dati-personali-lavora-con-noi\/#breadcrumb"},"inLanguage":"it-IT","potentialAction":[{"@type":"ReadAction","target":["https:\/\/www.stiavelli.com\/it\/informativa-sul-trattamento-dei-dati-personali-lavora-con-noi\/"]}]},{"@type":"BreadcrumbList","@id":"https:\/\/www.stiavelli.com\/it\/informativa-sul-trattamento-dei-dati-personali-lavora-con-noi\/#breadcrumb","itemListElement":[{"@type":"ListItem","position":1,"name":"Home","item":"https:\/\/www.stiavelli.com\/it\/"},{"@type":"ListItem","position":2,"name":"Informativa sul trattamento dei dati personali &#8220;lavora con noi&#8221;"}]}]}},"_links":{"self":[{"href":"https:\/\/www.stiavelli.com\/it\/wp-json\/wp\/v2\/pages\/34094"}],"collection":[{"href":"https:\/\/www.stiavelli.com\/it\/wp-json\/wp\/v2\/pages"}],"about":[{"href":"https:\/\/www.stiavelli.com\/it\/wp-json\/wp\/v2\/types\/page"}],"author":[{"embeddable":true,"href":"https:\/\/www.stiavelli.com\/it\/wp-json\/wp\/v2\/users\/2"}],"replies":[{"embeddable":true,"href":"https:\/\/www.stiavelli.com\/it\/wp-json\/wp\/v2\/comments?post=34094"}],"version-history":[{"count":0,"href":"https:\/\/www.stiavelli.com\/it\/wp-json\/wp\/v2\/pages\/34094\/revisions"}],"wp:attachment":[{"href":"https:\/\/www.stiavelli.com\/it\/wp-json\/wp\/v2\/media?parent=34094"}],"curies":[{"name":"wp","href":"https:\/\/api.w.org\/{rel}","templated":true}]}}