{"id":34099,"date":"2018-10-31T08:52:57","date_gmt":"2018-10-31T07:52:57","guid":{"rendered":"https:\/\/www.stiavelli.com\/?page_id=34099"},"modified":"2026-01-22T11:43:39","modified_gmt":"2026-01-22T10:43:39","slug":"privacy-policy","status":"publish","type":"page","link":"https:\/\/www.stiavelli.com\/it\/privacy-policy\/","title":{"rendered":"Privacy Policy"},"content":{"rendered":"<section class=\"av_textblock_section \"  itemscope=\"itemscope\" itemtype=\"https:\/\/schema.org\/CreativeWork\" ><div class='avia_textblock  '   itemprop=\"text\" ><p><strong>PRIVACY POLICY<\/strong><\/p>\n<p><strong>\u00a0<\/strong>In questa sezione ricever\u00e0 informazioni relative ai trattamenti di dati personali che realizziamo con il presente sito web; qualora voglia conoscere le condizioni d\u2019uso del sito e la nostra politica sui cookie, potr\u00e0 consultare le pagine dedicate, reperibili ai seguenti link :<\/p>\n<p>Cookie: <a href=\"#\" onclick=\"Cookiebot.renew(); return false;\">Gestisci preferenze cookie<\/a><br \/>\nNote Legali: <a href=\"https:\/\/www.stiavelli.com\/it\/note-legali\/\">https:\/\/www.stiavelli.com\/it\/note-legali\/<\/a><\/p>\n<p>In ogni caso, tutti i documenti informativi sopra descritti, compreso il presente, devono essere letti e compresi a pieno prima che lei compia qualunque interazione con questo sito web.<\/p>\n<p><strong>Il motivo della presente sezione<\/strong><\/p>\n<p>Nel rispetto del Regolamento UE 2016\/679 (di seguito GDPR), contenente norme relative alla protezione delle persone fisiche con riguardo al trattamento dei dati personali, nonch\u00e9 alla loro libera circolazione, desideriamo metterle a disposizione tutti gli elementi necessari a comprendere come e quali dati personali trattiamo attraverso il sito web, anticipando sin da adesso che nell&#8217;agire osserveremo i principi di correttezza, liceit\u00e0, trasparenza e tutela della sua riservatezza e dei suoi diritti.<\/p>\n<p><strong>Chi siamo<\/strong><\/p>\n<p>La societ\u00e0<strong> Stiavelli Irio s.r.l<\/strong>. (d\u2019ora in avanti anche solo Stiavelli, la societ\u00e0 o l\u2019organizzazione), in persona del legale rappresentante pro tempore, con sede legale in via per il Poggio Secco 46\/E, 59100 Prato (PO), p. iva: 01993009975, \u00e8 titolare del presente sito web e dei trattamenti dei dati personali effettuati tramite esso.<\/p>\n<p><strong>\u00a0<\/strong><\/p>\n<p><strong>Come contattarci<\/strong><\/p>\n<p>Per qualunque dubbio, necessit\u00e0 di ricevere informazioni, chiarimenti e\/o di formulare domande in relazione a quanto descritto di seguito, potr\u00e0 contattarci scrivendo all\u2019indirizzo e-mail <a href=\"mailto:info@stiavelli.com\">info@stiavelli.com<\/a> ovvero telefonando al numero: 055899448.<\/p>\n<p><strong>Avvertimenti preliminari<\/strong><\/p>\n<p>Le comunichiamo che quanto legger\u00e0 vale solo per il sito di cui siamo titolari, non anche per gli altri siti, pagine o servizi online raggiungibili mediante i collegamenti ipertestuali a Facebook, Instagram e LinkedIn, che potr\u00e0 trovare navigando sul nostro sito web. Con riguardo alle citate terze parti, la invitiamo a consultare le rispettive privacy policies, di cui di seguito le indichiamo i link: Facebook https:\/\/www.facebook.com\/privacy\/policy\/?locale=it_IT; Instagram https:\/\/help.instagram.com\/155833707900388 \u00a0e LinkedIn https:\/\/it.linkedin.com\/legal\/privacy-policy.<\/p>\n<p><strong>\u00a0<\/strong><\/p>\n<p><strong>I dettagli sui trattamenti<\/strong><\/p>\n<p>Stiavelli potr\u00e0 effettuare, con i suoi dati personali, i seguenti trattamenti:<\/p>\n<p><strong>\u00a0<\/strong><\/p>\n<ol>\n<li><strong>Contatti, gestione di richieste informazioni e chiarimenti<\/strong><\/li>\n<\/ol>\n<p><strong>\u00a0<\/strong><\/p>\n<table width=\"671\">\n<tbody>\n<tr>\n<td width=\"198\">I dati trattati<\/td>\n<td width=\"302\">Le ragioni per cui trattiamo i suoi dati<\/td>\n<td width=\"170\">Periodi di conservazione<\/td>\n<\/tr>\n<tr>\n<td width=\"198\">Nome, citt\u00e0, indirizzo e-mail, numero di telefono, eventuali ulteriori dati personali che inserir\u00e0 nel campo \u201cmessaggi\u201d e\/o nella documentazione eventualmente allegata o che inserir\u00e0 nelle comunicazioni che potr\u00e0 inviare ai nostri recapiti<\/td>\n<td width=\"302\">Trattiamo questi dati per fornire riscontro alle istanze da lei avanzate.<\/p>\n<p>Il presupposto di legge che ci consente di agire in questo modo \u00e8 l\u2019art.6, par.1, lett. B) del GDPR (finalit\u00e0 contrattuale e\/o esecuzione di misure precontrattuali da lei richieste)<\/td>\n<td width=\"170\">Tempo strettamente necessario ad evadere le richieste<\/td>\n<\/tr>\n<\/tbody>\n<\/table>\n<p><strong>\u00a0<\/strong><\/p>\n<ol>\n<li><strong>Newsletter<\/strong><\/li>\n<\/ol>\n<p><strong>\u00a0<\/strong><\/p>\n<table width=\"671\">\n<tbody>\n<tr>\n<td width=\"198\">I dati trattati<\/td>\n<td width=\"302\">Le ragioni per cui trattiamo i suoi dati<\/td>\n<td width=\"170\">Periodi di conservazione<\/td>\n<\/tr>\n<tr>\n<td width=\"198\">Indirizzo e-mail, nome e cognome, azienda<\/td>\n<td width=\"302\">Trattiamo questi dati per dar seguito alla sua richiesta di iscrizione alla nostra newsletter o alla sua richiesta di ri-contatto dopo incontri, fiere, scambio di biglietti da visita. \u00a0Tramite la newsletter potr\u00e0 ricevere notizie ed aggiornamenti sui nostri prodotti e sulle nostre offerte.<\/p>\n<p>Il presupposto di legge che ci consente di agire in questo modo \u00e8 l\u2019art.6, par.1, lett. a) del Gdpr (consenso)<\/td>\n<td width=\"170\">24 mesi dalla raccolta del consenso, salvo revoca o opposizione dell\u2019interessato che potranno essere esercitate scrivendo una e-mail all\u2019indirizzo info@stiavelli.com ovvero cliccando sul tasto unsubscribe, che trover\u00e0 in calce ad ogni comunicazione. La avvisiamo sin da adesso che l\u2019eventuale revoca da lei esercitata non pregiudicher\u00e0 la liceit\u00e0 del trattamento effettuato prima di quel momento.<\/td>\n<\/tr>\n<tr>\n<td width=\"198\">Nome, cognome, indirizzo e-mail<\/td>\n<td width=\"302\">Trattiamo questi dati per inviarle comunicazioni commerciali tramite e-mail di prodotti analoghi a quelli gi\u00e0 acquistati o per tenerla informata su nostri servizi legati ai prodotti acquistati o a prodotti analoghi.<\/p>\n<p>La base giuridica del trattamento \u00e8 rappresentata dal nostro legittimo interesse (art.6, par.1, lett.f, art.130 c.4 codice privacy) consistente nella volont\u00e0 di mantenere i clienti aggiornati su prodotti e servizi analoghi a quelli gi\u00e0 richiesti o acquistati<\/td>\n<td width=\"170\">6 mesi dalla data dell\u2019ultimo acquisto, salva opposizione dell\u2019interessato che potr\u00e0 essere esercitata scrivendo una e-mail all\u2019indirizzo info@stiavelli.com ovvero cliccando il tasto unsubscribe che trover\u00e0 in calce ad ogni comunicazione.<\/td>\n<\/tr>\n<\/tbody>\n<\/table>\n<p><strong>\u00a0<\/strong><\/p>\n<ul>\n<li><strong>Cookie<\/strong><\/li>\n<\/ul>\n<p>Per la descrizione dei cookies presenti sul sito web si rimanda ad apposita informativa, che integra la presente, ed \u00e8 reperibile al seguente link: <a href=\"https:\/\/www.stiavelli.com\/it\/cookie policy\/\" data-wplink-url-error=\"true\">https:\/\/www.stiavelli.com\/it\/cookie policy\/<\/a><\/p>\n<p><strong>\u00a0<\/strong><\/p>\n<p><strong>Modalit\u00e0 di trattamento<\/strong><\/p>\n<p>Proteggiamo i suoi dati personali adottando le misure di sicurezza e rispettando i principi previsti dal GDPR. Trattiamo i dati personali raccolti solo per il tempo necessario al raggiungimento delle finalit\u00e0 sopra descritte, con o senza l\u2019ausilio di strumenti elettronici e con sistemi automatizzati.<\/p>\n<p>Per l\u2019invio della newsletter utilizziamo la piattaforma MailChimp della societ\u00e0 The Rocket Science Group LLC.<\/p>\n<p>Ci avvaliamo di fornitori di hosting che rispettano i pi\u00f9 alti standard di sicurezza e sono in possesso delle certificazioni pi\u00f9 avanzate.<\/p>\n<p>Non mettiamo in atto processi decisionali automatizzati, compresa la profilazione, che possano produrre effetti giuridici che la riguardano o idonei ad incidere in modo analogo e significativo sulla sua persona.<\/p>\n<p>Natura del conferimento dei suoi dati<\/p>\n<p>Il conferimento dei dati, in relazione ai trattamenti sopra descritti \u00e8 sempre facoltativo. Per i trattamenti che non si basino sul consenso, in caso di suo rifiuto o di mancata comunicazione di quanto richiesto non sar\u00e0 per noi possibile procedere al trattamento.<\/p>\n<p><strong>Destinatari<\/strong><\/p>\n<p>Per la realizzazione delle finalit\u00e0 indicate nella presente informativa, fermo il rispetto dei principi di limitazione delle finalit\u00e0 e minimizzazione, i suoi dati personali potranno essere comunicati a soggetti terzi, che li tratteranno in qualit\u00e0 di responsabili esterni ai sensi dell\u2019art. 28 del GDPR. Potr\u00e0 richiederci l\u2019elenco completo dei responsabili esterni inviando una e-mail all\u2019indirizzo: info@stiavelli.com.<\/p>\n<p>I suoi dati potranno, altres\u00ec, essere trattati da nostri collaboratori e personale interno, i quali agiranno sulla scorta delle istruzioni ricevute.<\/p>\n<p>Nel caso in cui il trattamento dei suoi dati avvenga per adempiere ad obblighi di legge, potremo doverli trasferire ad Enti e\/o Autorit\u00e0 (ad esempio, Agenzia delle Entrate, autorit\u00e0 amministrative, forze di polizia) i quali li tratteranno in qualit\u00e0 di autonomi titolari. I suoi dati non saranno in alcun modo diffusi o divulgati verso soggetti indeterminati.<\/p>\n<p><strong>Trasferimenti extra UE<\/strong><\/p>\n<p>I nostri fornitori di hosting ci assicurano di non effettuare trasferimenti di dati extra UE. Nella selezione dei fornitori abbiamo scelto coloro che hanno data center in Unione Europea.<\/p>\n<p>Per il servizio di newsletter ci avvaliamo di MailChimp, una piattaforma web di gestione indirizzi ed invio di messaggi e-mail fornito dalla societ\u00e0 The Rocket Science Group LLC con sede negli Stati Uniti e che opera in tutto il mondo. \u00c8 possibile che i suoi dati, siano conservati in server posti fuori dalla Unione Europea. \u00a0questo trasferimento avviene sulla base di una decisione di adeguatezza della Commissione europea (c.d. Data Privacy Framework &#8211; DPF). Per avere maggiori informazioni in merito potr\u00e0 consultare la privacy policy del fornitore, accedendo al seguente link <a href=\"https:\/\/mailchimp.com\/legal\/privacy\/\">https:\/\/mailchimp.com\/legal\/privacy\/<\/a>.<\/p>\n<p><strong>I diritti che le sono riconosciuti e le modalit\u00e0 di esercizio<\/strong><\/p>\n<p>Nella sua qualit\u00e0 di interessato potr\u00e0 sempre rivolgersi a noi per esercitare i diritti previsti dal GDPR, che siano pertinenti alla tipologia di trattamento descritta nella presente informativa ed in particolare: Art. 15 \u2013 Diritto di accesso: chiedere conferma dell\u2019esistenza di trattamenti di dati personali in atto e ottenerne l\u2019accesso; Art.16 \u2013 Diritto di rettifica: chiedere ed ottenere la rettifica qualora l\u2019interessato ritenga che i dati trattati siano inesatti, in presenza dei presupposti di legge; Art.17 \u2013 Diritto alla cancellazione (diritto all\u2019oblio): chiedere la cancellazione dei dati, senza ingiustificato ritardo se essi non sono pi\u00f9 necessari rispetto alle finalit\u00e0 del trattamento, qualora l\u2019interessato abbia revocato il consenso, qualora egli si sia opposto al trattamento, o nel caso di trattamento illecito o, ancora se i dati devono essere cancellati per adempiere ad un obbligo legale; Art.18 \u2013 Diritto di limitazione di trattamento: nel caso in cui l\u2019interessato contesti l\u2019esattezza dei dati, qualora il trattamento sia illecito o, bench\u00e9 il titolare non ne abbia pi\u00f9 bisogno ai fini del trattamento, i dati siano necessari all\u2019interessato per l\u2019accertamento, l\u2019esercizio o la difesa di un diritto in sede giudiziaria, Art.20 \u2013 Diritto alla portabilit\u00e0, ovvero il diritto a ricevere i dati che riguardano un interessato che egli abbia fornito al titolare, in un formato strutturato, di uso comune, leggibile da dispositivo automatico, ovvero il diritto di chiedere al titolare che i dati siano trasferiti direttamente ad altro titolare\u00a0 Art.21 \u2013 Diritto di opposizione: diritto di opporsi al trattamento in qualunque momento, per motivi connessi alla situazione particolare dell\u2019interessato, basati sull\u2019art.6, par1. lett. e) ed f), Art.22 \u2013 Diritto di non essere sottoposto a decisioni frutto di processi automatizzati.<\/p>\n<p>Sar\u00e0 sempre possibile contattarci ed esercitare i suoi diritti scrivendo all\u2019indirizzo e-mail: <a href=\"mailto:info@stiavelli.com\">info@stiavelli.com<\/a>, oppure inviando una comunicazione ai recapiti indicati in premessa.<\/p>\n<p>Infine, ha diritto di proporre un reclamo al Garante per la protezione dei dati personali qualora lei ritenga che il trattamento violi i suoi diritti. Per avere maggiori informazioni potr\u00e0 consultare la seguente pagina web: https:\/\/www.garanteprivacy.it\/web\/guest\/home\/docweb\/-\/docweb-display\/docweb\/4535524.<\/p>\n<p>La presente informativa potr\u00e0 essere soggetta a modifiche e\/o revisioni.\u00a0 La versione aggiornata sar\u00e0 pubblicata nella presente sezione e conterr\u00e0 la data del suo ultimo aggiornamento.<\/p>\n<p>Versione Gennaio 2026.<\/p>\n<\/div><\/section>\n","protected":false},"excerpt":{"rendered":"","protected":false},"author":2,"featured_media":0,"parent":0,"menu_order":0,"comment_status":"closed","ping_status":"closed","template":"","meta":[],"yoast_head":"<!-- This site is optimized with the Yoast SEO plugin v17.2 - https:\/\/yoast.com\/wordpress\/plugins\/seo\/ -->\n<title>Privacy Policy - Stiavelli Irio srl<\/title>\n<meta name=\"robots\" content=\"index, follow, max-snippet:-1, max-image-preview:large, max-video-preview:-1\" \/>\n<link rel=\"canonical\" href=\"https:\/\/www.stiavelli.com\/it\/privacy-policy\/\" \/>\n<meta property=\"og:locale\" content=\"it_IT\" \/>\n<meta property=\"og:type\" content=\"article\" \/>\n<meta property=\"og:title\" content=\"Privacy Policy - Stiavelli Irio srl\" \/>\n<meta property=\"og:url\" content=\"https:\/\/www.stiavelli.com\/it\/privacy-policy\/\" \/>\n<meta property=\"og:site_name\" content=\"Stiavelli Irio srl\" \/>\n<meta property=\"article:publisher\" content=\"https:\/\/www.facebook.com\/stiavelli.irio\" \/>\n<meta property=\"article:modified_time\" content=\"2026-01-22T10:43:39+00:00\" \/>\n<meta property=\"og:image\" content=\"https:\/\/www.stiavelli.com\/wp-content\/uploads\/2013\/04\/Logo-Stiavelli-Irio-2014-definitivo.png\" \/>\n\t<meta property=\"og:image:width\" content=\"340\" \/>\n\t<meta property=\"og:image:height\" content=\"156\" \/>\n<meta name=\"twitter:label1\" content=\"Tempo di lettura stimato\" \/>\n\t<meta name=\"twitter:data1\" content=\"7 minuti\" \/>\n<script type=\"application\/ld+json\" class=\"yoast-schema-graph\">{\"@context\":\"https:\/\/schema.org\",\"@graph\":[{\"@type\":\"Organization\",\"@id\":\"https:\/\/www.stiavelli.com\/it\/#organization\",\"name\":\"Stiavelli Irio s.r.l.\",\"url\":\"https:\/\/www.stiavelli.com\/it\/\",\"sameAs\":[\"https:\/\/www.facebook.com\/stiavelli.irio\",\"https:\/\/it.linkedin.com\/company\/stiavelli-irio-srl\",\"https:\/\/www.youtube.com\/channel\/UCL9tzh_MDwfHLLGjhY-KTZw\"],\"logo\":{\"@type\":\"ImageObject\",\"@id\":\"https:\/\/www.stiavelli.com\/it\/#logo\",\"inLanguage\":\"it-IT\",\"url\":\"https:\/\/www.stiavelli.com\/wp-content\/uploads\/2013\/04\/Logo-Stiavelli-Irio-2014-definitivo.png\",\"contentUrl\":\"https:\/\/www.stiavelli.com\/wp-content\/uploads\/2013\/04\/Logo-Stiavelli-Irio-2014-definitivo.png\",\"width\":340,\"height\":156,\"caption\":\"Stiavelli Irio s.r.l.\"},\"image\":{\"@id\":\"https:\/\/www.stiavelli.com\/it\/#logo\"}},{\"@type\":\"WebSite\",\"@id\":\"https:\/\/www.stiavelli.com\/it\/#website\",\"url\":\"https:\/\/www.stiavelli.com\/it\/\",\"name\":\"Stiavelli Irio srl\",\"description\":\"Industrial Fans and Electric Motors\",\"publisher\":{\"@id\":\"https:\/\/www.stiavelli.com\/it\/#organization\"},\"potentialAction\":[{\"@type\":\"SearchAction\",\"target\":{\"@type\":\"EntryPoint\",\"urlTemplate\":\"https:\/\/www.stiavelli.com\/it\/?s={search_term_string}\"},\"query-input\":\"required name=search_term_string\"}],\"inLanguage\":\"it-IT\"},{\"@type\":\"WebPage\",\"@id\":\"https:\/\/www.stiavelli.com\/it\/privacy-policy\/#webpage\",\"url\":\"https:\/\/www.stiavelli.com\/it\/privacy-policy\/\",\"name\":\"Privacy Policy - Stiavelli Irio srl\",\"isPartOf\":{\"@id\":\"https:\/\/www.stiavelli.com\/it\/#website\"},\"datePublished\":\"2018-10-31T07:52:57+00:00\",\"dateModified\":\"2026-01-22T10:43:39+00:00\",\"breadcrumb\":{\"@id\":\"https:\/\/www.stiavelli.com\/it\/privacy-policy\/#breadcrumb\"},\"inLanguage\":\"it-IT\",\"potentialAction\":[{\"@type\":\"ReadAction\",\"target\":[\"https:\/\/www.stiavelli.com\/it\/privacy-policy\/\"]}]},{\"@type\":\"BreadcrumbList\",\"@id\":\"https:\/\/www.stiavelli.com\/it\/privacy-policy\/#breadcrumb\",\"itemListElement\":[{\"@type\":\"ListItem\",\"position\":1,\"name\":\"Home\",\"item\":\"https:\/\/www.stiavelli.com\/it\/\"},{\"@type\":\"ListItem\",\"position\":2,\"name\":\"Privacy Policy\"}]}]}<\/script>\n<!-- \/ Yoast SEO plugin. -->","yoast_head_json":{"title":"Privacy Policy - Stiavelli Irio srl","robots":{"index":"index","follow":"follow","max-snippet":"max-snippet:-1","max-image-preview":"max-image-preview:large","max-video-preview":"max-video-preview:-1"},"canonical":"https:\/\/www.stiavelli.com\/it\/privacy-policy\/","og_locale":"it_IT","og_type":"article","og_title":"Privacy Policy - Stiavelli Irio srl","og_url":"https:\/\/www.stiavelli.com\/it\/privacy-policy\/","og_site_name":"Stiavelli Irio srl","article_publisher":"https:\/\/www.facebook.com\/stiavelli.irio","article_modified_time":"2026-01-22T10:43:39+00:00","og_image":[{"width":340,"height":156,"url":"https:\/\/www.stiavelli.com\/wp-content\/uploads\/2013\/04\/Logo-Stiavelli-Irio-2014-definitivo.png","path":"\/home3\/mstiavei\/public_html\/wp-content\/uploads\/2013\/04\/Logo-Stiavelli-Irio-2014-definitivo.png","size":"full","id":6087,"alt":"Stiavelli Irio Logo","pixels":53040,"type":"image\/png"}],"twitter_misc":{"Tempo di lettura stimato":"7 minuti"},"schema":{"@context":"https:\/\/schema.org","@graph":[{"@type":"Organization","@id":"https:\/\/www.stiavelli.com\/it\/#organization","name":"Stiavelli Irio s.r.l.","url":"https:\/\/www.stiavelli.com\/it\/","sameAs":["https:\/\/www.facebook.com\/stiavelli.irio","https:\/\/it.linkedin.com\/company\/stiavelli-irio-srl","https:\/\/www.youtube.com\/channel\/UCL9tzh_MDwfHLLGjhY-KTZw"],"logo":{"@type":"ImageObject","@id":"https:\/\/www.stiavelli.com\/it\/#logo","inLanguage":"it-IT","url":"https:\/\/www.stiavelli.com\/wp-content\/uploads\/2013\/04\/Logo-Stiavelli-Irio-2014-definitivo.png","contentUrl":"https:\/\/www.stiavelli.com\/wp-content\/uploads\/2013\/04\/Logo-Stiavelli-Irio-2014-definitivo.png","width":340,"height":156,"caption":"Stiavelli Irio s.r.l."},"image":{"@id":"https:\/\/www.stiavelli.com\/it\/#logo"}},{"@type":"WebSite","@id":"https:\/\/www.stiavelli.com\/it\/#website","url":"https:\/\/www.stiavelli.com\/it\/","name":"Stiavelli Irio srl","description":"Industrial Fans and Electric Motors","publisher":{"@id":"https:\/\/www.stiavelli.com\/it\/#organization"},"potentialAction":[{"@type":"SearchAction","target":{"@type":"EntryPoint","urlTemplate":"https:\/\/www.stiavelli.com\/it\/?s={search_term_string}"},"query-input":"required name=search_term_string"}],"inLanguage":"it-IT"},{"@type":"WebPage","@id":"https:\/\/www.stiavelli.com\/it\/privacy-policy\/#webpage","url":"https:\/\/www.stiavelli.com\/it\/privacy-policy\/","name":"Privacy Policy - Stiavelli Irio srl","isPartOf":{"@id":"https:\/\/www.stiavelli.com\/it\/#website"},"datePublished":"2018-10-31T07:52:57+00:00","dateModified":"2026-01-22T10:43:39+00:00","breadcrumb":{"@id":"https:\/\/www.stiavelli.com\/it\/privacy-policy\/#breadcrumb"},"inLanguage":"it-IT","potentialAction":[{"@type":"ReadAction","target":["https:\/\/www.stiavelli.com\/it\/privacy-policy\/"]}]},{"@type":"BreadcrumbList","@id":"https:\/\/www.stiavelli.com\/it\/privacy-policy\/#breadcrumb","itemListElement":[{"@type":"ListItem","position":1,"name":"Home","item":"https:\/\/www.stiavelli.com\/it\/"},{"@type":"ListItem","position":2,"name":"Privacy Policy"}]}]}},"_links":{"self":[{"href":"https:\/\/www.stiavelli.com\/it\/wp-json\/wp\/v2\/pages\/34099"}],"collection":[{"href":"https:\/\/www.stiavelli.com\/it\/wp-json\/wp\/v2\/pages"}],"about":[{"href":"https:\/\/www.stiavelli.com\/it\/wp-json\/wp\/v2\/types\/page"}],"author":[{"embeddable":true,"href":"https:\/\/www.stiavelli.com\/it\/wp-json\/wp\/v2\/users\/2"}],"replies":[{"embeddable":true,"href":"https:\/\/www.stiavelli.com\/it\/wp-json\/wp\/v2\/comments?post=34099"}],"version-history":[{"count":5,"href":"https:\/\/www.stiavelli.com\/it\/wp-json\/wp\/v2\/pages\/34099\/revisions"}],"predecessor-version":[{"id":40079,"href":"https:\/\/www.stiavelli.com\/it\/wp-json\/wp\/v2\/pages\/34099\/revisions\/40079"}],"wp:attachment":[{"href":"https:\/\/www.stiavelli.com\/it\/wp-json\/wp\/v2\/media?parent=34099"}],"curies":[{"name":"wp","href":"https:\/\/api.w.org\/{rel}","templated":true}]}}